{"id":179,"date":"2017-11-20T10:43:08","date_gmt":"2017-11-20T10:43:08","guid":{"rendered":"http:\/\/www.bunzl.ch\/?page_id=179"},"modified":"2017-11-20T16:10:31","modified_gmt":"2017-11-20T16:10:31","slug":"impressum-fr","status":"publish","type":"page","link":"https:\/\/www.bunzl.ch\/fr\/impressum-fr\/","title":{"rendered":"Impressum"},"content":{"rendered":"<p>Bunzl Suisse<br \/>\nc\/o Weita AG<br \/>\nNordring 2<br \/>\nCH-4147 Aesch BL<\/p>\n<p>Directeur g\u00e9n\u00e9ral en droit de repr\u00e9senter: Philipp Hauser<\/p>\n<p>T\u00e9l\u00e9phone: +41 (0)61 706 66 00<br \/>\nFax: +41 (0)61 706 66 01<br \/>\nE-mail: info@weita.ch<\/p>\n<p>Num\u00e9ro de registre du commerce: CH-280.3.916.193-1<br \/>\nNum\u00e9ro de TVA: CHE-106.484.594 TVA<\/p>\n<p>N\u00b0 de compte ZAZ 1725-1<\/p>\n<p>Weita AG avec si\u00e8ge \u00e0 Aesch BL (Schweiz) se r\u00e9serve tous les droits sur les textes, images et signaux ainsi que sur toutes les autres informations pr\u00e9sent\u00e9es sur le site Web. L&rsquo;utilisation de toute information, m\u00eame partielle, n&rsquo;est autoris\u00e9e qu&rsquo;avec l&rsquo;accord \u00e9crit de Weita AG. La marque Weita et le logo correspondant ainsi que les sous-marques et sous-logos sont des marques d\u00e9pos\u00e9es et propri\u00e9t\u00e9 de Weita AG.<\/p>\n<p>Si vous avez des remarques, suggestions ou corrections concernant les contenus du site Web, veuillez contacter notre Webmaster sous info@weita.ch.<\/p>\n","protected":false},"excerpt":{"rendered":"<p>Bunzl Suisse c\/o Weita AG Nordring 2 CH-4147 Aesch BL Directeur g\u00e9n\u00e9ral en droit de repr\u00e9senter: Philipp Hauser T\u00e9l\u00e9phone: +41 (0)61 706 66 00 Fax: +41 (0)61 706 66 01&#8230;<\/p>\n","protected":false},"author":1,"featured_media":0,"parent":0,"menu_order":0,"comment_status":"open","ping_status":"open","template":"","meta":{"footnotes":""},"class_list":["post-179","page","type-page","status-publish","hentry"],"yoast_head":"<!-- This site is optimized with the Yoast SEO plugin v26.8 - https:\/\/yoast.com\/product\/yoast-seo-wordpress\/ -->\n<title>Impressum - Bunzl Schweiz<\/title>\n<meta name=\"robots\" content=\"index, follow, max-snippet:-1, max-image-preview:large, max-video-preview:-1\" \/>\n<link rel=\"canonical\" href=\"https:\/\/www.bunzl.ch\/fr\/impressum-fr\/\" \/>\n<meta property=\"og:locale\" content=\"fr_FR\" \/>\n<meta property=\"og:type\" content=\"article\" \/>\n<meta property=\"og:title\" content=\"Impressum - Bunzl Schweiz\" \/>\n<meta property=\"og:description\" content=\"Bunzl Suisse c\/o Weita AG Nordring 2 CH-4147 Aesch BL Directeur g\u00e9n\u00e9ral en droit de repr\u00e9senter: Philipp Hauser T\u00e9l\u00e9phone: +41 (0)61 706 66 00 Fax: +41 (0)61 706 66 01...\" \/>\n<meta property=\"og:url\" content=\"https:\/\/www.bunzl.ch\/fr\/impressum-fr\/\" \/>\n<meta property=\"og:site_name\" content=\"Bunzl Schweiz\" \/>\n<meta property=\"article:modified_time\" content=\"2017-11-20T16:10:31+00:00\" \/>\n<meta name=\"twitter:label1\" content=\"Dur\u00e9e de lecture estim\u00e9e\" \/>\n\t<meta name=\"twitter:data1\" content=\"1 minute\" \/>\n<script type=\"application\/ld+json\" class=\"yoast-schema-graph\">{\"@context\":\"https:\/\/schema.org\",\"@graph\":[{\"@type\":\"WebPage\",\"@id\":\"https:\/\/www.bunzl.ch\/fr\/impressum-fr\/\",\"url\":\"https:\/\/www.bunzl.ch\/fr\/impressum-fr\/\",\"name\":\"Impressum - Bunzl Schweiz\",\"isPartOf\":{\"@id\":\"https:\/\/www.bunzl.ch\/#website\"},\"datePublished\":\"2017-11-20T10:43:08+00:00\",\"dateModified\":\"2017-11-20T16:10:31+00:00\",\"breadcrumb\":{\"@id\":\"https:\/\/www.bunzl.ch\/fr\/impressum-fr\/#breadcrumb\"},\"inLanguage\":\"fr-FR\",\"potentialAction\":[{\"@type\":\"ReadAction\",\"target\":[\"https:\/\/www.bunzl.ch\/fr\/impressum-fr\/\"]}]},{\"@type\":\"BreadcrumbList\",\"@id\":\"https:\/\/www.bunzl.ch\/fr\/impressum-fr\/#breadcrumb\",\"itemListElement\":[{\"@type\":\"ListItem\",\"position\":1,\"name\":\"Home\",\"item\":\"https:\/\/www.bunzl.ch\/fr\/\"},{\"@type\":\"ListItem\",\"position\":2,\"name\":\"Impressum\"}]},{\"@type\":\"WebSite\",\"@id\":\"https:\/\/www.bunzl.ch\/#website\",\"url\":\"https:\/\/www.bunzl.ch\/\",\"name\":\"Bunzl Schweiz\",\"description\":\"\",\"potentialAction\":[{\"@type\":\"SearchAction\",\"target\":{\"@type\":\"EntryPoint\",\"urlTemplate\":\"https:\/\/www.bunzl.ch\/?s={search_term_string}\"},\"query-input\":{\"@type\":\"PropertyValueSpecification\",\"valueRequired\":true,\"valueName\":\"search_term_string\"}}],\"inLanguage\":\"fr-FR\"}]}<\/script>\n<!-- \/ Yoast SEO plugin. -->","yoast_head_json":{"title":"Impressum - Bunzl Schweiz","robots":{"index":"index","follow":"follow","max-snippet":"max-snippet:-1","max-image-preview":"max-image-preview:large","max-video-preview":"max-video-preview:-1"},"canonical":"https:\/\/www.bunzl.ch\/fr\/impressum-fr\/","og_locale":"fr_FR","og_type":"article","og_title":"Impressum - Bunzl Schweiz","og_description":"Bunzl Suisse c\/o Weita AG Nordring 2 CH-4147 Aesch BL Directeur g\u00e9n\u00e9ral en droit de repr\u00e9senter: Philipp Hauser T\u00e9l\u00e9phone: +41 (0)61 706 66 00 Fax: +41 (0)61 706 66 01...","og_url":"https:\/\/www.bunzl.ch\/fr\/impressum-fr\/","og_site_name":"Bunzl Schweiz","article_modified_time":"2017-11-20T16:10:31+00:00","twitter_misc":{"Dur\u00e9e de lecture estim\u00e9e":"1 minute"},"schema":{"@context":"https:\/\/schema.org","@graph":[{"@type":"WebPage","@id":"https:\/\/www.bunzl.ch\/fr\/impressum-fr\/","url":"https:\/\/www.bunzl.ch\/fr\/impressum-fr\/","name":"Impressum - Bunzl Schweiz","isPartOf":{"@id":"https:\/\/www.bunzl.ch\/#website"},"datePublished":"2017-11-20T10:43:08+00:00","dateModified":"2017-11-20T16:10:31+00:00","breadcrumb":{"@id":"https:\/\/www.bunzl.ch\/fr\/impressum-fr\/#breadcrumb"},"inLanguage":"fr-FR","potentialAction":[{"@type":"ReadAction","target":["https:\/\/www.bunzl.ch\/fr\/impressum-fr\/"]}]},{"@type":"BreadcrumbList","@id":"https:\/\/www.bunzl.ch\/fr\/impressum-fr\/#breadcrumb","itemListElement":[{"@type":"ListItem","position":1,"name":"Home","item":"https:\/\/www.bunzl.ch\/fr\/"},{"@type":"ListItem","position":2,"name":"Impressum"}]},{"@type":"WebSite","@id":"https:\/\/www.bunzl.ch\/#website","url":"https:\/\/www.bunzl.ch\/","name":"Bunzl Schweiz","description":"","potentialAction":[{"@type":"SearchAction","target":{"@type":"EntryPoint","urlTemplate":"https:\/\/www.bunzl.ch\/?s={search_term_string}"},"query-input":{"@type":"PropertyValueSpecification","valueRequired":true,"valueName":"search_term_string"}}],"inLanguage":"fr-FR"}]}},"_links":{"self":[{"href":"https:\/\/www.bunzl.ch\/fr\/wp-json\/wp\/v2\/pages\/179","targetHints":{"allow":["GET"]}}],"collection":[{"href":"https:\/\/www.bunzl.ch\/fr\/wp-json\/wp\/v2\/pages"}],"about":[{"href":"https:\/\/www.bunzl.ch\/fr\/wp-json\/wp\/v2\/types\/page"}],"author":[{"embeddable":true,"href":"https:\/\/www.bunzl.ch\/fr\/wp-json\/wp\/v2\/users\/1"}],"replies":[{"embeddable":true,"href":"https:\/\/www.bunzl.ch\/fr\/wp-json\/wp\/v2\/comments?post=179"}],"version-history":[{"count":4,"href":"https:\/\/www.bunzl.ch\/fr\/wp-json\/wp\/v2\/pages\/179\/revisions"}],"predecessor-version":[{"id":196,"href":"https:\/\/www.bunzl.ch\/fr\/wp-json\/wp\/v2\/pages\/179\/revisions\/196"}],"wp:attachment":[{"href":"https:\/\/www.bunzl.ch\/fr\/wp-json\/wp\/v2\/media?parent=179"}],"curies":[{"name":"wp","href":"https:\/\/api.w.org\/{rel}","templated":true}]}}