{"id":368,"date":"2021-11-17T10:31:03","date_gmt":"2021-11-17T10:31:03","guid":{"rendered":"https:\/\/www.bunzl.ch\/?page_id=368"},"modified":"2021-11-17T12:07:53","modified_gmt":"2021-11-17T12:07:53","slug":"bunzl-cest-quoi","status":"publish","type":"page","link":"https:\/\/www.bunzl.ch\/fr\/bunzl-cest-quoi\/","title":{"rendered":"Bunzl, c&rsquo;est quoi ?"},"content":{"rendered":"<h1>Bunzl plc, c&rsquo;est quoi ?<\/h1>\n<p>Bunzl plc est un groupe de distribution et de services internationaux sp\u00e9cialis\u00e9 et performant, pr\u00e9sent sur le continent am\u00e9ricain, en Europe et en Asie-Pacifique. Nous soutenons des entreprises dans le monde entier avec une vari\u00e9t\u00e9 de produits qui sont essentiels pour nos clients dans le fonctionnement r\u00e9ussi de leurs entreprises. Vous trouverez plus d&rsquo;informations sur bunzl.com en consultant <a href=\"https:\/\/www.bunzl.com\/investors\/presentations.aspx\" target=\"_blank\" rel=\"noopener\">les pr\u00e9sentations que nous publions r\u00e9guli\u00e8rement.<\/a><\/p>\n<p>&nbsp;<\/p>\n<h2>En savoir plus sur Bunzl en quelques vid\u00e9os (anglais):<\/h2>\n<p><iframe loading=\"lazy\" title=\"vimeo-player\" src=\"https:\/\/player.vimeo.com\/video\/626262531?h=8232a74769\" width=\"640\" height=\"360\" frameborder=\"0\" allowfullscreen=\"allowfullscreen\" data-mce-fragment=\"1\"><\/iframe><\/p>\n<p>&nbsp;<\/p>\n<h3><\/h3>\n<p><iframe loading=\"lazy\" title=\"vimeo-player\" src=\"https:\/\/player.vimeo.com\/video\/626280024?h=7388cc8de2\" width=\"640\" height=\"360\" frameborder=\"0\" allowfullscreen=\"allowfullscreen\" data-mce-fragment=\"1\"><\/iframe><\/p>\n<p>&nbsp;<\/p>\n<h3><\/h3>\n<p><iframe loading=\"lazy\" title=\"vimeo-player\" src=\"https:\/\/player.vimeo.com\/video\/626275596?h=fd13499c45\" width=\"640\" height=\"360\" frameborder=\"0\" allowfullscreen=\"allowfullscreen\" data-mce-fragment=\"1\"><\/iframe><\/p>\n<p>&nbsp;<\/p>\n<h3><\/h3>\n<p><iframe loading=\"lazy\" title=\"vimeo-player\" src=\"https:\/\/player.vimeo.com\/video\/626265579?h=d257e1af44\" width=\"640\" height=\"360\" frameborder=\"0\" allowfullscreen=\"allowfullscreen\" data-mce-fragment=\"1\"><\/iframe><\/p>\n<p>&nbsp;<\/p>\n<h3><\/h3>\n<p><iframe loading=\"lazy\" title=\"vimeo-player\" src=\"https:\/\/player.vimeo.com\/video\/626273017?h=4820b890d9\" width=\"640\" height=\"360\" frameborder=\"0\" allowfullscreen=\"allowfullscreen\" data-mce-fragment=\"1\"><\/iframe><\/p>\n<p>&nbsp;<\/p>\n<h3><\/h3>\n<p><iframe loading=\"lazy\" title=\"vimeo-player\" src=\"https:\/\/player.vimeo.com\/video\/626269404?h=5920d9a56c\" width=\"640\" height=\"360\" frameborder=\"0\" allowfullscreen=\"allowfullscreen\" data-mce-fragment=\"1\"><\/iframe><\/p>\n","protected":false},"excerpt":{"rendered":"<p>Bunzl plc, c&rsquo;est quoi ? Bunzl plc est un groupe de distribution et de services internationaux sp\u00e9cialis\u00e9 et performant, pr\u00e9sent sur le continent am\u00e9ricain, en Europe et en Asie-Pacifique. Nous&#8230;<\/p>\n","protected":false},"author":7,"featured_media":0,"parent":0,"menu_order":0,"comment_status":"closed","ping_status":"closed","template":"","meta":{"footnotes":""},"class_list":["post-368","page","type-page","status-publish","hentry"],"yoast_head":"<!-- This site is optimized with the Yoast SEO plugin v26.8 - https:\/\/yoast.com\/product\/yoast-seo-wordpress\/ -->\n<title>Bunzl, c&#039;est quoi ? - Bunzl Schweiz<\/title>\n<meta name=\"robots\" content=\"index, follow, max-snippet:-1, max-image-preview:large, max-video-preview:-1\" \/>\n<link rel=\"canonical\" href=\"https:\/\/www.bunzl.ch\/fr\/bunzl-cest-quoi\/\" \/>\n<meta property=\"og:locale\" content=\"fr_FR\" \/>\n<meta property=\"og:type\" content=\"article\" \/>\n<meta property=\"og:title\" content=\"Bunzl, c&#039;est quoi ? - Bunzl Schweiz\" \/>\n<meta property=\"og:description\" content=\"Bunzl plc, c&rsquo;est quoi ? Bunzl plc est un groupe de distribution et de services internationaux sp\u00e9cialis\u00e9 et performant, pr\u00e9sent sur le continent am\u00e9ricain, en Europe et en Asie-Pacifique. Nous...\" \/>\n<meta property=\"og:url\" content=\"https:\/\/www.bunzl.ch\/fr\/bunzl-cest-quoi\/\" \/>\n<meta property=\"og:site_name\" content=\"Bunzl Schweiz\" \/>\n<meta property=\"article:modified_time\" content=\"2021-11-17T12:07:53+00:00\" \/>\n<meta name=\"twitter:label1\" content=\"Dur\u00e9e de lecture estim\u00e9e\" \/>\n\t<meta name=\"twitter:data1\" content=\"1 minute\" \/>\n<script type=\"application\/ld+json\" class=\"yoast-schema-graph\">{\"@context\":\"https:\/\/schema.org\",\"@graph\":[{\"@type\":\"WebPage\",\"@id\":\"https:\/\/www.bunzl.ch\/fr\/bunzl-cest-quoi\/\",\"url\":\"https:\/\/www.bunzl.ch\/fr\/bunzl-cest-quoi\/\",\"name\":\"Bunzl, c'est quoi ? - Bunzl Schweiz\",\"isPartOf\":{\"@id\":\"https:\/\/www.bunzl.ch\/#website\"},\"datePublished\":\"2021-11-17T10:31:03+00:00\",\"dateModified\":\"2021-11-17T12:07:53+00:00\",\"breadcrumb\":{\"@id\":\"https:\/\/www.bunzl.ch\/fr\/bunzl-cest-quoi\/#breadcrumb\"},\"inLanguage\":\"fr-FR\",\"potentialAction\":[{\"@type\":\"ReadAction\",\"target\":[\"https:\/\/www.bunzl.ch\/fr\/bunzl-cest-quoi\/\"]}]},{\"@type\":\"BreadcrumbList\",\"@id\":\"https:\/\/www.bunzl.ch\/fr\/bunzl-cest-quoi\/#breadcrumb\",\"itemListElement\":[{\"@type\":\"ListItem\",\"position\":1,\"name\":\"Home\",\"item\":\"https:\/\/www.bunzl.ch\/fr\/\"},{\"@type\":\"ListItem\",\"position\":2,\"name\":\"Bunzl, c&rsquo;est quoi ?\"}]},{\"@type\":\"WebSite\",\"@id\":\"https:\/\/www.bunzl.ch\/#website\",\"url\":\"https:\/\/www.bunzl.ch\/\",\"name\":\"Bunzl Schweiz\",\"description\":\"\",\"potentialAction\":[{\"@type\":\"SearchAction\",\"target\":{\"@type\":\"EntryPoint\",\"urlTemplate\":\"https:\/\/www.bunzl.ch\/?s={search_term_string}\"},\"query-input\":{\"@type\":\"PropertyValueSpecification\",\"valueRequired\":true,\"valueName\":\"search_term_string\"}}],\"inLanguage\":\"fr-FR\"}]}<\/script>\n<!-- \/ Yoast SEO plugin. -->","yoast_head_json":{"title":"Bunzl, c'est quoi ? - Bunzl Schweiz","robots":{"index":"index","follow":"follow","max-snippet":"max-snippet:-1","max-image-preview":"max-image-preview:large","max-video-preview":"max-video-preview:-1"},"canonical":"https:\/\/www.bunzl.ch\/fr\/bunzl-cest-quoi\/","og_locale":"fr_FR","og_type":"article","og_title":"Bunzl, c'est quoi ? - Bunzl Schweiz","og_description":"Bunzl plc, c&rsquo;est quoi ? Bunzl plc est un groupe de distribution et de services internationaux sp\u00e9cialis\u00e9 et performant, pr\u00e9sent sur le continent am\u00e9ricain, en Europe et en Asie-Pacifique. Nous...","og_url":"https:\/\/www.bunzl.ch\/fr\/bunzl-cest-quoi\/","og_site_name":"Bunzl Schweiz","article_modified_time":"2021-11-17T12:07:53+00:00","twitter_misc":{"Dur\u00e9e de lecture estim\u00e9e":"1 minute"},"schema":{"@context":"https:\/\/schema.org","@graph":[{"@type":"WebPage","@id":"https:\/\/www.bunzl.ch\/fr\/bunzl-cest-quoi\/","url":"https:\/\/www.bunzl.ch\/fr\/bunzl-cest-quoi\/","name":"Bunzl, c'est quoi ? - Bunzl Schweiz","isPartOf":{"@id":"https:\/\/www.bunzl.ch\/#website"},"datePublished":"2021-11-17T10:31:03+00:00","dateModified":"2021-11-17T12:07:53+00:00","breadcrumb":{"@id":"https:\/\/www.bunzl.ch\/fr\/bunzl-cest-quoi\/#breadcrumb"},"inLanguage":"fr-FR","potentialAction":[{"@type":"ReadAction","target":["https:\/\/www.bunzl.ch\/fr\/bunzl-cest-quoi\/"]}]},{"@type":"BreadcrumbList","@id":"https:\/\/www.bunzl.ch\/fr\/bunzl-cest-quoi\/#breadcrumb","itemListElement":[{"@type":"ListItem","position":1,"name":"Home","item":"https:\/\/www.bunzl.ch\/fr\/"},{"@type":"ListItem","position":2,"name":"Bunzl, c&rsquo;est quoi ?"}]},{"@type":"WebSite","@id":"https:\/\/www.bunzl.ch\/#website","url":"https:\/\/www.bunzl.ch\/","name":"Bunzl Schweiz","description":"","potentialAction":[{"@type":"SearchAction","target":{"@type":"EntryPoint","urlTemplate":"https:\/\/www.bunzl.ch\/?s={search_term_string}"},"query-input":{"@type":"PropertyValueSpecification","valueRequired":true,"valueName":"search_term_string"}}],"inLanguage":"fr-FR"}]}},"_links":{"self":[{"href":"https:\/\/www.bunzl.ch\/fr\/wp-json\/wp\/v2\/pages\/368","targetHints":{"allow":["GET"]}}],"collection":[{"href":"https:\/\/www.bunzl.ch\/fr\/wp-json\/wp\/v2\/pages"}],"about":[{"href":"https:\/\/www.bunzl.ch\/fr\/wp-json\/wp\/v2\/types\/page"}],"author":[{"embeddable":true,"href":"https:\/\/www.bunzl.ch\/fr\/wp-json\/wp\/v2\/users\/7"}],"replies":[{"embeddable":true,"href":"https:\/\/www.bunzl.ch\/fr\/wp-json\/wp\/v2\/comments?post=368"}],"version-history":[{"count":4,"href":"https:\/\/www.bunzl.ch\/fr\/wp-json\/wp\/v2\/pages\/368\/revisions"}],"predecessor-version":[{"id":380,"href":"https:\/\/www.bunzl.ch\/fr\/wp-json\/wp\/v2\/pages\/368\/revisions\/380"}],"wp:attachment":[{"href":"https:\/\/www.bunzl.ch\/fr\/wp-json\/wp\/v2\/media?parent=368"}],"curies":[{"name":"wp","href":"https:\/\/api.w.org\/{rel}","templated":true}]}}